{"id":6194,"date":"2022-03-02T10:01:19","date_gmt":"2022-03-02T10:01:19","guid":{"rendered":"https:\/\/megaconcept.rs\/fransiza\/"},"modified":"2024-08-27T10:22:51","modified_gmt":"2024-08-27T10:22:51","slug":"fransiza","status":"publish","type":"page","link":"https:\/\/megaconcept.rs\/ru\/fransiza\/","title":{"rendered":"\u0424\u0440\u0430\u043d\u0448\u0438\u0437\u0430"},"content":{"rendered":"<p>[vc_row][vc_column width=&#187;1\/2&#8243;][vc_column_text]<br \/>\n<img loading=\"lazy\" decoding=\"async\" class=\"alignleft wp-image-1748\" src=\"https:\/\/megaconcept.rs\/wp-content\/uploads\/2022\/05\/logo-mega.png\" alt=\"\" width=\"50\" height=\"44\" \/>\u0415\u0441\u043b\u0438 \u0432\u044b \u0445\u043e\u0442\u0438\u0442\u0435 \u043d\u0430\u0447\u0430\u0442\u044c \u0438\u043b\u0438 \u0443\u043b\u0443\u0447\u0448\u0438\u0442\u044c \u0441\u043e\u0431\u0441\u0432\u0435\u043d\u043d\u044b\u0439 \u0431\u0438\u0437\u043d\u0435\u0441, \u043c\u044b \u0433\u043e\u0442\u043e\u0432\u044b \u0432\u0430\u043c \u043f\u0440\u0435\u0434\u043b\u043e\u0436\u0438\u0442\u044c \u0441\u043e\u0442\u0440\u0443\u0434\u043d\u0438\u0447\u0435\u0441\u0442\u0432\u043e.<br \/>\n&nbsp;<br \/>\n<strong>MEGA CONCEPT<\/strong> \u0443\u0436\u0435 \u043c\u043d\u043e\u0433\u043e \u043b\u0435\u0442 \u044f\u0432\u043b\u044f\u0435\u0442\u0441\u044f \u0432\u0435\u0434\u0443\u0449\u0435\u0439 \u043a\u043e\u043c\u043f\u0430\u043d\u0438\u0435\u0439 \u0432 \u043e\u0431\u043b\u0430\u0441\u0442\u0438 \u043f\u0440\u043e\u0434\u0430\u0436 \u043e\u0431\u043e\u0435\u0432, \u0437\u0430\u043d\u0430\u0432\u0435\u0441\u043e\u043a, \u0448\u0442\u043e\u0440, \u043a\u043e\u0432\u0440\u043e\u0432, \u0448\u0442\u043e\u0440 \u0417\u0435\u0431\u0440\u0430, \u043c\u0435\u0445\u0430\u043d\u0438\u0437\u043c\u043e\u0432 \u0434\u043b\u044f \u0440\u0443\u043b\u043e\u043d\u043d\u044b\u0445 \u0448\u0442\u043e\u0440, \u0430 \u0442\u0430\u043a\u0436\u0435 \u0432\u0435\u0434\u0443\u0449\u0435\u0439 \u043a\u043e\u043c\u043f\u0430\u043d\u0438\u0435\u0439 \u0432 \u043e\u0431\u043b\u0430\u0441\u0442\u0438 \u0434\u0438\u0437\u0430\u0439\u043d\u0430 \u0438 \u043e\u0431\u0443\u0441\u0442\u0440\u043e\u0439\u0441\u0442\u0432\u0430 \u0438\u043d\u0442\u0435\u0440\u044c\u0435\u0440\u0430 \u0438 \u0442.\u0434.<\/p>\n<p>\u0424\u0440\u0430\u043d\u0448\u0438\u0437\u0430 <strong>MEGA CONCEPT<\/strong> \u043f\u043e\u0434\u0445\u043e\u0434\u0438\u0442 \u0442\u0435\u043c, \u043a\u0442\u043e \u0438\u043c\u0435\u0435\u0442 \u043c\u0430\u0433\u0430\u0437\u0438\u043d \u0441\u0445\u043e\u0436\u0435\u0433\u043e \u0430\u0441\u0441\u043e\u0440\u0442\u0438\u043c\u0435\u043d\u0442\u0430, \u043d\u043e \u0445\u043e\u0447\u0435\u0442 \u0443\u043b\u0443\u0447\u0448\u0438\u0442\u044c \u0438 \u043f\u0440\u043e\u0434\u0432\u0438\u0433\u0430\u0442\u044c \u0441\u0432\u043e\u0439 \u0431\u0438\u0437\u043d\u0435\u0441, \u0430 \u0442\u0430\u043a\u0436\u0435 \u0442\u0435\u043c \u043a\u0442\u043e \u0432\u043f\u0435\u0440\u0432\u044b\u0435 \u043e\u0442\u043a\u0440\u044b\u0432\u0430\u0435\u0442 \u0441\u043e\u0431\u0441\u0442\u0432\u0435\u043d\u043d\u044b\u0439 \u0431\u0438\u0437\u043d\u0435\u0441.<\/p>\n<p>\u0411\u043b\u0430\u0433\u043e\u0434\u0430\u0440\u044f \u043d\u043e\u0432\u044b\u043c \u043f\u0440\u043e\u0433\u0440\u0430\u043c\u043c\u0430\u043c, \u0445\u043e\u0440\u043e\u0448\u0435\u0439 \u043e\u0440\u0433\u0430\u043d\u0438\u0437\u0430\u0446\u0438\u0438 \u0438 \u043f\u043e\u0434\u0434\u0435\u0440\u0436\u043a\u0435, \u043c\u044b \u0432\u0430\u043c \u043e\u0431\u0435\u0441\u043f\u0435\u0447\u0438\u043c \u0432\u043e\u0437\u043c\u043e\u0436\u043d\u043e\u0441\u0442\u044c \u043f\u043e\u043b\u0443\u0447\u0430\u0442\u044c \u0434\u043e\u0445\u043e\u0434, \u0430 \u0442\u0430\u043a\u0436\u0435 \u043d\u0430\u0441\u043b\u0430\u0436\u0434\u0430\u0442\u044c\u0441\u044f \u0441\u0432\u043e\u0435\u0439 \u0440\u0430\u0431\u043e\u0442\u043e\u0439.<\/p>\n<p>[\/vc_column_text][\/vc_column][vc_column width=&#187;1\/2&#8243;][vc_column_text]<img loading=\"lazy\" decoding=\"async\" class=\"aligncenter size-full wp-image-2103\" src=\"https:\/\/megaconcept.rs\/wp-content\/uploads\/2022\/06\/fransiza-mega-concept-1.jpg\" alt=\"\" width=\"900\" height=\"548\" srcset=\"https:\/\/megaconcept.rs\/wp-content\/uploads\/2022\/06\/fransiza-mega-concept-1.jpg 900w, https:\/\/megaconcept.rs\/wp-content\/uploads\/2022\/06\/fransiza-mega-concept-1-300x183.jpg 300w, https:\/\/megaconcept.rs\/wp-content\/uploads\/2022\/06\/fransiza-mega-concept-1-768x468.jpg 768w\" sizes=\"auto, (max-width: 900px) 100vw, 900px\" \/>[\/vc_column_text][\/vc_column][\/vc_row][vc_row][vc_column][vc_empty_space height=&#187;30&#8243;][vc_row_inner][vc_column_inner width=&#187;1\/2&#8243;][vc_column_text]<\/p>\n<h1>\u0427\u0442\u043e \u0442\u0430\u043a\u043e\u0435 \u0444\u0440\u0430\u043d\u0448\u0438\u0437\u0430?<\/h1>\n<p>&nbsp;<\/p>\n<p style=\"text-align: justify;\"><img loading=\"lazy\" decoding=\"async\" class=\"alignleft wp-image-1748\" src=\"https:\/\/megaconcept.rs\/wp-content\/uploads\/2022\/05\/logo-mega.png\" alt=\"\" width=\"50\" height=\"44\" \/>\u0424\u0440\u0430\u043d\u0448\u0438\u0437\u0430 \u2013 \u0441\u043f\u043e\u0441\u043e\u0431 \u0432\u0435\u0441\u0442\u0438 \u0441\u043e\u0431\u0441\u0442\u0432\u0435\u043d\u043d\u044b\u0439 \u0431\u0438\u0437\u043d\u0435\u0441 \u043f\u043e\u0434 \u0438\u043c\u0435\u043d\u0435\u043c \u0445\u043e\u0440\u043e\u0448\u043e \u0438\u0437\u0432\u0435\u0441\u0442\u043d\u043e\u0433\u043e \u0431\u0440\u0435\u043d\u0434\u0430 <strong>\u00abMega Concept\u00bb<\/strong>. \u0421\u043e\u0431\u0441\u0442\u0432\u0435\u043d\u043d\u044b\u0439 \u0431\u0438\u0437\u043d\u0435\u0441, \u0445\u043e\u0442\u044f \u0438 \u0440\u0430\u0431\u043e\u0442\u0430\u0435\u0442 \u043f\u043e \u0444\u0440\u0430\u043d\u0448\u0438\u0437\u0435, \u043e\u0441\u0442\u0430\u0451\u0442\u0441\u044f \u043b\u0438\u0447\u043d\u044b\u043c \u0431\u0438\u0437\u043d\u0435\u0441\u043e\u043c \u0438 \u043f\u0440\u0435\u0434\u0441\u0442\u0430\u0432\u043b\u044f\u0435\u0442 \u0441\u043e\u0431\u043e\u0439 \u043e\u0434\u0438\u043d \u0438\u0437 \u0441\u043f\u043e\u0441\u043e\u0431\u043e\u0432 \u0443\u0441\u043f\u0435\u0448\u043d\u043e\u0433\u043e \u0432\u0435\u0434\u0435\u043d\u0438\u044f \u0431\u0438\u0437\u043d\u0435\u0441\u0430.<\/p>\n<p style=\"text-align: justify;\">\u041e\u0441\u043d\u043e\u0432\u043d\u043e\u0435 \u043f\u0440\u0435\u0438\u043c\u0443\u0449\u0435\u0441\u0442\u0432\u043e \u0434\u043b\u044f \u043f\u043e\u043b\u0443\u0447\u0430\u0442\u0435\u043b\u044f \u0444\u0440\u0430\u043d\u0448\u0438\u0437\u044b \u0437\u0430\u043a\u043b\u044e\u0447\u0430\u0435\u0442\u0441\u044f \u0432 \u0442\u043e\u043c, \u0447\u0442\u043e \u043e\u043d \u0432\u0441\u0442\u0443\u043f\u0430\u0435\u0442 \u0432 \u0433\u043e\u0442\u043e\u0432\u044b\u0439 \u0431\u0438\u0437\u043d\u0435\u0441, \u043f\u0440\u0435\u0434\u043e\u0441\u0442\u0430\u0432\u043b\u0435\u043d\u043d\u044b\u0439 \u0444\u0440\u0430\u043d\u0447\u0430\u0439\u0437\u0435\u0440\u043e\u043c. \u042d\u0442\u043e \u043c\u0438\u043d\u0438\u043c\u0438\u0437\u0438\u0440\u0443\u0435\u0442 \u0440\u0438\u0441\u043a\u0438 \u0431\u0438\u0437\u043d\u0435\u0441\u0430 \u0438 \u043f\u043e\u0437\u0432\u043e\u043b\u044f\u0435\u0442 \u0434\u043e\u0441\u0442\u0438\u0447\u044c \u0431\u043e\u043b\u0435\u0435 \u043f\u043e\u043b\u043e\u0436\u0438\u0442\u0435\u043b\u044c\u043d\u044b\u0445 \u0431\u0438\u0437\u043d\u0435\u0441-\u0440\u0435\u0437\u0443\u043b\u044c\u0442\u0430\u0442\u043e\u0432, \u0447\u0435\u043c \u0432 \u0441\u043b\u0443\u0447\u0430\u0435 \u0441\u0430\u043c\u043e\u0441\u0442\u043e\u044f\u0442\u0435\u043b\u044c\u043d\u043e\u0433\u043e \u0432\u044b\u0445\u043e\u0434\u0430 \u043d\u0430 \u0440\u044b\u043d\u043e\u043a.\n<\/p>\n<p>[\/vc_column_text][\/vc_column_inner][vc_column_inner width=&#187;1\/2&#8243;][vc_column_text]<img loading=\"lazy\" decoding=\"async\" class=\"aligncenter size-full wp-image-2104\" src=\"https:\/\/megaconcept.rs\/wp-content\/uploads\/2022\/06\/fransiza-mega-concept-2.jpg\" alt=\"\" width=\"650\" height=\"395\" srcset=\"https:\/\/megaconcept.rs\/wp-content\/uploads\/2022\/06\/fransiza-mega-concept-2.jpg 650w, https:\/\/megaconcept.rs\/wp-content\/uploads\/2022\/06\/fransiza-mega-concept-2-300x182.jpg 300w\" sizes=\"auto, (max-width: 650px) 100vw, 650px\" \/>[\/vc_column_text][\/vc_column_inner][\/vc_row_inner][vc_empty_space height=&#187;30&#8243;][\/vc_column][\/vc_row][vc_row][vc_column][vc_row_inner][vc_column_inner width=&#187;1\/2&#8243;][vc_column_text]<\/p>\n<h3>\u041f\u043e\u0434\u0434\u0435\u0440\u0436\u043a\u0430 \u0434\u043b\u044f \u0444\u0440\u0430\u043d\u0447\u0430\u0439\u0437\u0438<\/h3>\n<ul>\n<li>\u041f\u0440\u0430\u0432\u043e \u043d\u0430 \u0438\u0441\u043f\u043e\u043b\u044c\u0437\u043e\u0432\u0430\u043d\u0438\u0435 \u0431\u0440\u0435\u043d\u0434\u0430<\/li>\n<li>\u041f\u043e\u0434\u0434\u0435\u0440\u0436\u043a\u0430 \u043f\u0440\u0438 \u0432\u044b\u0431\u043e\u0440\u0435 \u043f\u043e\u043c\u0435\u0449\u0435\u043d\u0438\u044f<\/li>\n<li>\u041f\u043e\u043c\u043e\u0449\u044c \u0432 \u043e\u0431\u0443\u0441\u0442\u0440\u043e\u0439\u0441\u0442\u0432\u0435 \u0438\u043d\u0442\u0435\u0440\u044c\u0435\u0440\u0430<\/li>\n<li>\u042d\u043a\u0441\u043a\u043b\u044e\u0437\u0438\u0432\u043d\u043e\u0435 \u0441\u043d\u0430\u0431\u0436\u0435\u043d\u0438\u0435 \u043c\u0430\u0433\u0430\u0437\u0438\u043d\u0430 \u043f\u043e\u043b\u043d\u043e\u0446\u0435\u043d\u043d\u044b\u043c \u0430\u0441\u0441\u043e\u0440\u0442\u0438\u043c\u0435\u0442\u043e\u043c \u0442\u043e\u0432\u0430\u0440\u0430<\/li>\n<li>\u041f\u043e\u0434\u0434\u0435\u0440\u0436\u043a\u0430 \u0438 \u043a\u043e\u043d\u0441\u0443\u043b\u044c\u0442\u0430\u0446\u0438\u0438 \u043f\u043e \u0432\u043e\u043f\u0440\u043e\u0441\u0430\u043c \u0432\u0435\u0434\u0435\u043d\u0438\u044f \u0431\u0438\u0437\u043d\u0435\u0441\u0430<\/li>\n<li>\u042d\u043a\u0441\u043a\u043b\u044e\u0437\u0438\u0432\u043d\u043e\u0441\u0442\u044c \u0440\u0430\u0431\u043e\u0442\u044b \u043d\u0430 \u043e\u0433\u043e\u0432\u043e\u0440\u0435\u043d\u043d\u043e\u0439 \u0442\u0435\u0440\u0440\u0438\u0442\u043e\u0440\u0438\u0438<\/li>\n<li>\u0423\u043d\u0438\u043a\u0430\u043b\u044c\u043d\u0430\u044f \u0432\u0438\u0437\u0443\u0430\u043b\u044c\u043d\u0430\u044f \u0438\u0434\u0435\u043d\u0442\u0438\u0447\u043d\u043e\u0441\u0442\u044c<\/li>\n<li>\u041c\u0430\u0440\u043a\u0435\u0442\u0438\u043d\u0433\u043e\u0432\u0430\u044f \u043f\u043e\u0434\u0434\u0435\u0440\u0436\u043a\u0430<\/li>\n<li>\u0421\u043e\u0433\u043b\u0430\u0441\u043e\u0432\u0430\u043d\u043d\u0430\u044f \u0441\u0438\u0441\u0442\u0435\u043c\u0430 \u043f\u0440\u0435\u0437\u0435\u043d\u0442\u0430\u0446\u0438\u0439 \u0438 \u0441\u043a\u0438\u0434\u043e\u043a<\/li>\n<\/ul>\n<p>[\/vc_column_text][vc_column_text]<\/p>\n<h3>\u041e\u0441\u043d\u043e\u0432\u043d\u044b\u0435 \u0443\u0441\u043b\u043e\u0432\u0438\u044f<\/h3>\n<ul>\n<li>\u041c\u0438\u043d\u0438\u043c\u0430\u043b\u044c\u043d\u0430\u044f \u043f\u043b\u043e\u0449\u0430\u0434\u044c \u043f\u043e\u043c\u0435\u0449\u0435\u043d\u0438\u044f \u043f\u043e\u0434 \u043c\u0430\u0433\u0430\u0437\u0438\u043d \u043d\u0435 \u043c\u0435\u043d\u044c\u0448\u0435 40 \u043c2<\/li>\n<li>\u041c\u0435\u0441\u0442\u043e\u043f\u043e\u043b\u043e\u0436\u0435\u043d\u0438\u0435 \u043c\u0430\u0433\u0430\u0437\u0438\u043d\u0430<\/li>\n<li>\u041e\u043f\u044b\u0442 \u0432 \u043e\u0431\u043b\u0430\u0441\u0442\u0438 \u0434\u0438\u0437\u0430\u0439\u043d\u0430 \u0438 \u043e\u0431\u0443\u0441\u0442\u0440\u043e\u0439\u0441\u0442\u0432\u0430 \u0438\u043d\u0442\u0435\u0440\u044c\u0435\u0440\u0430<\/li>\n<li>\u0413\u043e\u0442\u043e\u0432\u043d\u043e\u0441\u0442\u044c \u0441\u0435\u0440\u044c\u0435\u0437\u043d\u043e \u0437\u0430\u043d\u0438\u043c\u0430\u0442\u044c\u0441\u044f \u044d\u0442\u0438\u043c \u0434\u0435\u043b\u043e\u043c.<\/li>\n<\/ul>\n<h3>\u0412\u0441\u0435 \u043e\u0441\u0442\u0430\u043b\u044c\u043d\u043e\u0435 \u043e\u0431\u0434\u0443\u043c\u0430\u0435\u043c \u0432\u043c\u0435\u0441\u0442\u0435&#8230;<\/h3>\n<p>[\/vc_column_text][\/vc_column_inner][vc_column_inner width=&#187;1\/2&#8243;][vc_column_text]<img loading=\"lazy\" decoding=\"async\" class=\"aligncenter size-full wp-image-2105\" src=\"https:\/\/megaconcept.rs\/wp-content\/uploads\/2022\/06\/fransiza-mega-concept-5.jpg\" alt=\"\" width=\"900\" height=\"598\" srcset=\"https:\/\/megaconcept.rs\/wp-content\/uploads\/2022\/06\/fransiza-mega-concept-5.jpg 900w, https:\/\/megaconcept.rs\/wp-content\/uploads\/2022\/06\/fransiza-mega-concept-5-300x199.jpg 300w, https:\/\/megaconcept.rs\/wp-content\/uploads\/2022\/06\/fransiza-mega-concept-5-768x510.jpg 768w\" sizes=\"auto, (max-width: 900px) 100vw, 900px\" \/><\/p>\n<h3>\u0414\u043e\u0431\u0440\u043e \u043f\u043e\u0436\u0430\u043b\u043e\u0432\u0430\u0442\u044c \u0432 \u043d\u0430\u0448\u0443 \u043a\u043e\u043c\u0430\u043d\u0434\u0443!<\/h3>\n<p><strong>\u0418\u043d\u0444\u043e\u0440\u043c\u0430\u0446\u0438\u044f: <\/strong>E-mail: <a href=\"mailto:office@megaconcept.rs\">office@megaconcept.rs<\/a>\u00a0| \u0422\u0435\u043b. 063 264 103<\/p>\n<p>[\/vc_column_text][\/vc_column_inner][\/vc_row_inner][vc_empty_space height=&#187;30&#8243;][\/vc_column][\/vc_row]<\/p>\n","protected":false},"excerpt":{"rendered":"<p>[vc_row][vc_column width=&#187;1\/2&#8243;][vc_column_text] \u0415\u0441\u043b\u0438 \u0432\u044b \u0445\u043e\u0442\u0438\u0442\u0435 \u043d\u0430\u0447\u0430\u0442\u044c \u0438\u043b\u0438 \u0443\u043b\u0443\u0447\u0448\u0438\u0442\u044c \u0441\u043e\u0431\u0441\u0432\u0435\u043d\u043d\u044b\u0439 \u0431\u0438\u0437\u043d\u0435\u0441, \u043c\u044b \u0433\u043e\u0442\u043e\u0432\u044b \u0432\u0430\u043c \u043f\u0440\u0435\u0434\u043b\u043e\u0436\u0438\u0442\u044c \u0441\u043e\u0442\u0440\u0443\u0434\u043d\u0438\u0447\u0435\u0441\u0442\u0432\u043e. &nbsp; MEGA CONCEPT \u0443\u0436\u0435 \u043c\u043d\u043e\u0433\u043e \u043b\u0435\u0442 \u044f\u0432\u043b\u044f\u0435\u0442\u0441\u044f \u0432\u0435\u0434\u0443\u0449\u0435\u0439 \u043a\u043e\u043c\u043f\u0430\u043d\u0438\u0435\u0439 \u0432 \u043e\u0431\u043b\u0430\u0441\u0442\u0438 \u043f\u0440\u043e\u0434\u0430\u0436 \u043e\u0431\u043e\u0435\u0432, \u0437\u0430\u043d\u0430\u0432\u0435\u0441\u043e\u043a, \u0448\u0442\u043e\u0440, \u043a\u043e\u0432\u0440\u043e\u0432, \u0448\u0442\u043e\u0440 \u0417\u0435\u0431\u0440\u0430, \u043c\u0435\u0445\u0430\u043d\u0438\u0437\u043c\u043e\u0432 \u0434\u043b\u044f \u0440\u0443\u043b\u043e\u043d\u043d\u044b\u0445 \u0448\u0442\u043e\u0440, \u0430 \u0442\u0430\u043a\u0436\u0435 \u0432\u0435\u0434\u0443\u0449\u0435\u0439 \u043a\u043e\u043c\u043f\u0430\u043d\u0438\u0435\u0439 \u0432 \u043e\u0431\u043b\u0430\u0441\u0442\u0438 \u0434\u0438\u0437\u0430\u0439\u043d\u0430 \u0438 \u043e\u0431\u0443\u0441\u0442\u0440\u043e\u0439\u0441\u0442\u0432\u0430 \u0438\u043d\u0442\u0435\u0440\u044c\u0435\u0440\u0430 \u0438 \u0442.\u0434. \u0424\u0440\u0430\u043d\u0448\u0438\u0437\u0430 MEGA CONCEPT \u043f\u043e\u0434\u0445\u043e\u0434\u0438\u0442 \u0442\u0435\u043c, \u043a\u0442\u043e&hellip;<\/p>\n","protected":false},"author":1,"featured_media":0,"parent":0,"menu_order":0,"comment_status":"closed","ping_status":"closed","template":"","meta":{"footnotes":""},"class_list":["post-6194","page","type-page","status-publish","hentry","description-off"],"yoast_head":"<!-- This site is optimized with the Yoast SEO plugin v27.3 - https:\/\/yoast.com\/product\/yoast-seo-wordpress\/ -->\n<title>Mega Concept Fran\u0161iza - mogu\u0107nost poslovne saradnje<\/title>\n<meta name=\"description\" content=\"Fran\u0161iza MEGA CONCEPT pogodna je za one koji imaju prodavnicu sli\u010dnog asortimana, a \u017eele da pobolj\u0161aju poslovanje, kao i za one koji prvi put pokre\u0107u posao.\" \/>\n<meta name=\"robots\" content=\"index, follow, max-snippet:-1, max-image-preview:large, max-video-preview:-1\" \/>\n<link rel=\"canonical\" href=\"https:\/\/megaconcept.rs\/ru\/fransiza\/\" \/>\n<meta property=\"og:locale\" content=\"ru_RU\" \/>\n<meta property=\"og:type\" content=\"article\" \/>\n<meta property=\"og:title\" content=\"Mega Concept Fran\u0161iza - mogu\u0107nost poslovne saradnje\" \/>\n<meta property=\"og:description\" content=\"Fran\u0161iza MEGA CONCEPT pogodna je za one koji imaju prodavnicu sli\u010dnog asortimana, a \u017eele da pobolj\u0161aju poslovanje, kao i za one koji prvi put pokre\u0107u posao.\" \/>\n<meta property=\"og:url\" content=\"https:\/\/megaconcept.rs\/ru\/fransiza\/\" \/>\n<meta property=\"og:site_name\" content=\"Mega Concept\" \/>\n<meta property=\"article:modified_time\" content=\"2024-08-27T10:22:51+00:00\" \/>\n<meta property=\"og:image\" content=\"https:\/\/megaconcept.rs\/wp-content\/uploads\/2022\/05\/logo-mega.png\" \/>\n<meta name=\"twitter:card\" content=\"summary_large_image\" \/>\n<meta name=\"twitter:label1\" content=\"\u041f\u0440\u0438\u043c\u0435\u0440\u043d\u043e\u0435 \u0432\u0440\u0435\u043c\u044f \u0434\u043b\u044f \u0447\u0442\u0435\u043d\u0438\u044f\" \/>\n\t<meta name=\"twitter:data1\" content=\"3 \u043c\u0438\u043d\u0443\u0442\u044b\" \/>\n<script type=\"application\/ld+json\" class=\"yoast-schema-graph\">{\"@context\":\"https:\\\/\\\/schema.org\",\"@graph\":[{\"@type\":\"WebPage\",\"@id\":\"https:\\\/\\\/megaconcept.rs\\\/ru\\\/fransiza\\\/\",\"url\":\"https:\\\/\\\/megaconcept.rs\\\/ru\\\/fransiza\\\/\",\"name\":\"Mega Concept Fran\u0161iza - mogu\u0107nost poslovne saradnje\",\"isPartOf\":{\"@id\":\"https:\\\/\\\/megaconcept.rs\\\/#website\"},\"primaryImageOfPage\":{\"@id\":\"https:\\\/\\\/megaconcept.rs\\\/ru\\\/fransiza\\\/#primaryimage\"},\"image\":{\"@id\":\"https:\\\/\\\/megaconcept.rs\\\/ru\\\/fransiza\\\/#primaryimage\"},\"thumbnailUrl\":\"http:\\\/\\\/megaconcept.rs\\\/wp-content\\\/uploads\\\/2022\\\/05\\\/logo-mega.png\",\"datePublished\":\"2022-03-02T10:01:19+00:00\",\"dateModified\":\"2024-08-27T10:22:51+00:00\",\"description\":\"Fran\u0161iza MEGA CONCEPT pogodna je za one koji imaju prodavnicu sli\u010dnog asortimana, a \u017eele da pobolj\u0161aju poslovanje, kao i za one koji prvi put pokre\u0107u posao.\",\"breadcrumb\":{\"@id\":\"https:\\\/\\\/megaconcept.rs\\\/ru\\\/fransiza\\\/#breadcrumb\"},\"inLanguage\":\"ru-RU\",\"potentialAction\":[{\"@type\":\"ReadAction\",\"target\":[\"https:\\\/\\\/megaconcept.rs\\\/ru\\\/fransiza\\\/\"]}]},{\"@type\":\"ImageObject\",\"inLanguage\":\"ru-RU\",\"@id\":\"https:\\\/\\\/megaconcept.rs\\\/ru\\\/fransiza\\\/#primaryimage\",\"url\":\"http:\\\/\\\/megaconcept.rs\\\/wp-content\\\/uploads\\\/2022\\\/05\\\/logo-mega.png\",\"contentUrl\":\"http:\\\/\\\/megaconcept.rs\\\/wp-content\\\/uploads\\\/2022\\\/05\\\/logo-mega.png\"},{\"@type\":\"BreadcrumbList\",\"@id\":\"https:\\\/\\\/megaconcept.rs\\\/ru\\\/fransiza\\\/#breadcrumb\",\"itemListElement\":[{\"@type\":\"ListItem\",\"position\":1,\"name\":\"Home\",\"item\":\"https:\\\/\\\/megaconcept.rs\\\/ru\\\/\"},{\"@type\":\"ListItem\",\"position\":2,\"name\":\"\u0424\u0440\u0430\u043d\u0448\u0438\u0437\u0430\"}]},{\"@type\":\"WebSite\",\"@id\":\"https:\\\/\\\/megaconcept.rs\\\/#website\",\"url\":\"https:\\\/\\\/megaconcept.rs\\\/\",\"name\":\"Mega Concept\",\"description\":\"Prodaja zavesa, draperija, tapeta, tepiha, name\u0161taja\",\"potentialAction\":[{\"@type\":\"SearchAction\",\"target\":{\"@type\":\"EntryPoint\",\"urlTemplate\":\"https:\\\/\\\/megaconcept.rs\\\/?s={search_term_string}\"},\"query-input\":{\"@type\":\"PropertyValueSpecification\",\"valueRequired\":true,\"valueName\":\"search_term_string\"}}],\"inLanguage\":\"ru-RU\"}]}<\/script>\n<!-- \/ Yoast SEO plugin. -->","yoast_head_json":{"title":"Mega Concept Fran\u0161iza - mogu\u0107nost poslovne saradnje","description":"Fran\u0161iza MEGA CONCEPT pogodna je za one koji imaju prodavnicu sli\u010dnog asortimana, a \u017eele da pobolj\u0161aju poslovanje, kao i za one koji prvi put pokre\u0107u posao.","robots":{"index":"index","follow":"follow","max-snippet":"max-snippet:-1","max-image-preview":"max-image-preview:large","max-video-preview":"max-video-preview:-1"},"canonical":"https:\/\/megaconcept.rs\/ru\/fransiza\/","og_locale":"ru_RU","og_type":"article","og_title":"Mega Concept Fran\u0161iza - mogu\u0107nost poslovne saradnje","og_description":"Fran\u0161iza MEGA CONCEPT pogodna je za one koji imaju prodavnicu sli\u010dnog asortimana, a \u017eele da pobolj\u0161aju poslovanje, kao i za one koji prvi put pokre\u0107u posao.","og_url":"https:\/\/megaconcept.rs\/ru\/fransiza\/","og_site_name":"Mega Concept","article_modified_time":"2024-08-27T10:22:51+00:00","og_image":[{"url":"https:\/\/megaconcept.rs\/wp-content\/uploads\/2022\/05\/logo-mega.png","type":"","width":"","height":""}],"twitter_card":"summary_large_image","twitter_misc":{"\u041f\u0440\u0438\u043c\u0435\u0440\u043d\u043e\u0435 \u0432\u0440\u0435\u043c\u044f \u0434\u043b\u044f \u0447\u0442\u0435\u043d\u0438\u044f":"3 \u043c\u0438\u043d\u0443\u0442\u044b"},"schema":{"@context":"https:\/\/schema.org","@graph":[{"@type":"WebPage","@id":"https:\/\/megaconcept.rs\/ru\/fransiza\/","url":"https:\/\/megaconcept.rs\/ru\/fransiza\/","name":"Mega Concept Fran\u0161iza - mogu\u0107nost poslovne saradnje","isPartOf":{"@id":"https:\/\/megaconcept.rs\/#website"},"primaryImageOfPage":{"@id":"https:\/\/megaconcept.rs\/ru\/fransiza\/#primaryimage"},"image":{"@id":"https:\/\/megaconcept.rs\/ru\/fransiza\/#primaryimage"},"thumbnailUrl":"https:\/\/megaconcept.rs\/wp-content\/uploads\/2022\/05\/logo-mega.png","datePublished":"2022-03-02T10:01:19+00:00","dateModified":"2024-08-27T10:22:51+00:00","description":"Fran\u0161iza MEGA CONCEPT pogodna je za one koji imaju prodavnicu sli\u010dnog asortimana, a \u017eele da pobolj\u0161aju poslovanje, kao i za one koji prvi put pokre\u0107u posao.","breadcrumb":{"@id":"https:\/\/megaconcept.rs\/ru\/fransiza\/#breadcrumb"},"inLanguage":"ru-RU","potentialAction":[{"@type":"ReadAction","target":["https:\/\/megaconcept.rs\/ru\/fransiza\/"]}]},{"@type":"ImageObject","inLanguage":"ru-RU","@id":"https:\/\/megaconcept.rs\/ru\/fransiza\/#primaryimage","url":"https:\/\/megaconcept.rs\/wp-content\/uploads\/2022\/05\/logo-mega.png","contentUrl":"https:\/\/megaconcept.rs\/wp-content\/uploads\/2022\/05\/logo-mega.png"},{"@type":"BreadcrumbList","@id":"https:\/\/megaconcept.rs\/ru\/fransiza\/#breadcrumb","itemListElement":[{"@type":"ListItem","position":1,"name":"Home","item":"https:\/\/megaconcept.rs\/ru\/"},{"@type":"ListItem","position":2,"name":"\u0424\u0440\u0430\u043d\u0448\u0438\u0437\u0430"}]},{"@type":"WebSite","@id":"https:\/\/megaconcept.rs\/#website","url":"https:\/\/megaconcept.rs\/","name":"Mega Concept","description":"Prodaja zavesa, draperija, tapeta, tepiha, name\u0161taja","potentialAction":[{"@type":"SearchAction","target":{"@type":"EntryPoint","urlTemplate":"https:\/\/megaconcept.rs\/?s={search_term_string}"},"query-input":{"@type":"PropertyValueSpecification","valueRequired":true,"valueName":"search_term_string"}}],"inLanguage":"ru-RU"}]}},"_links":{"self":[{"href":"https:\/\/megaconcept.rs\/ru\/wp-json\/wp\/v2\/pages\/6194","targetHints":{"allow":["GET"]}}],"collection":[{"href":"https:\/\/megaconcept.rs\/ru\/wp-json\/wp\/v2\/pages"}],"about":[{"href":"https:\/\/megaconcept.rs\/ru\/wp-json\/wp\/v2\/types\/page"}],"author":[{"embeddable":true,"href":"https:\/\/megaconcept.rs\/ru\/wp-json\/wp\/v2\/users\/1"}],"replies":[{"embeddable":true,"href":"https:\/\/megaconcept.rs\/ru\/wp-json\/wp\/v2\/comments?post=6194"}],"version-history":[{"count":2,"href":"https:\/\/megaconcept.rs\/ru\/wp-json\/wp\/v2\/pages\/6194\/revisions"}],"predecessor-version":[{"id":6200,"href":"https:\/\/megaconcept.rs\/ru\/wp-json\/wp\/v2\/pages\/6194\/revisions\/6200"}],"wp:attachment":[{"href":"https:\/\/megaconcept.rs\/ru\/wp-json\/wp\/v2\/media?parent=6194"}],"curies":[{"name":"wp","href":"https:\/\/api.w.org\/{rel}","templated":true}]}}